{"id":70,"date":"2023-08-10T18:42:37","date_gmt":"2023-08-10T16:42:37","guid":{"rendered":"https:\/\/schreib-hilfe.de\/?page_id=70"},"modified":"2023-08-11T17:08:17","modified_gmt":"2023-08-11T15:08:17","slug":"ueber","status":"publish","type":"page","link":"https:\/\/schreib-hilfe.de\/?page_id=70","title":{"rendered":"\u00dcber"},"content":{"rendered":"\n<p><strong>Werner Weimar-Mazur<\/strong>, geboren 1955 in Weimar, aufgewachsen in Karlsruhe, Studium der Geologie,<br>hat bis zum Jahresende 2021 als beratender Ingenieurgeologe\/Geotechniker gearbeitet,<br>lebt seit 1992 im Raum Freiburg im Breisgau, seit 2000 in Waldkirch<br>mit Unterbrechung 2008-2010 in L\u00f6rrach,<br>1979+1980 mehrmonatige Studienaufenthalte in Gro\u00dfkirchheim, K\u00e4rnten \/ \u00d6sterreich,<br>lebte und arbeitete 1989-1992 in Bern \/ Schweiz,<br>arbeitete 2007-2010 in Reinach BL \/ Schweiz,<br>schreibt seit 1970 und ver\u00f6ffentlicht seit 1995 Gedichte und Prosa,<br>bisher f\u00fcnf eigenst\u00e4ndige Gedichtb\u00e4nde,<br>zahlreiche Ver\u00f6ffentlichungen in Zeitschriften und Anthologien<\/p>\n\n\n\n<p>Private literarische Homepage:<\/p>\n\n\n\n<p><a href=\"https:\/\/www.weimar-mazur.de\/\">https:\/\/www.weimar-mazur.de\/<\/a><\/p>\n\n\n\n<p>Bisherige Ver\u00f6ffentlichungen (Printmedien):<\/p>\n\n\n\n<p><a href=\"https:\/\/www.weimar-mazur.de\/kurzvita\/\">https:\/\/www.weimar-mazur.de\/kurzvita\/<\/a><\/p>\n\n\n<div class=\"wp-block-image\">\n<figure class=\"aligncenter size-large\"><img fetchpriority=\"high\" decoding=\"async\" width=\"700\" height=\"1024\" src=\"https:\/\/schreib-hilfe.de\/wp-content\/uploads\/2023\/08\/Fr-Engels-R_2-700x1024.jpg\" alt=\"\" class=\"wp-image-117\" srcset=\"https:\/\/schreib-hilfe.de\/wp-content\/uploads\/2023\/08\/Fr-Engels-R_2-700x1024.jpg 700w, https:\/\/schreib-hilfe.de\/wp-content\/uploads\/2023\/08\/Fr-Engels-R_2-205x300.jpg 205w, https:\/\/schreib-hilfe.de\/wp-content\/uploads\/2023\/08\/Fr-Engels-R_2-768x1123.jpg 768w, https:\/\/schreib-hilfe.de\/wp-content\/uploads\/2023\/08\/Fr-Engels-R_2-676x989.jpg 676w, https:\/\/schreib-hilfe.de\/wp-content\/uploads\/2023\/08\/Fr-Engels-R_2.jpg 908w\" sizes=\"(max-width: 700px) 100vw, 700px\" \/><figcaption class=\"wp-element-caption\">Weimar 1955<\/figcaption><\/figure><\/div>\n\n<div class=\"wp-block-image\">\n<figure class=\"aligncenter size-full\"><img decoding=\"async\" width=\"516\" height=\"812\" src=\"https:\/\/schreib-hilfe.de\/wp-content\/uploads\/2023\/08\/W-M_1962_J-P-H-S.jpg\" alt=\"\" class=\"wp-image-120\" srcset=\"https:\/\/schreib-hilfe.de\/wp-content\/uploads\/2023\/08\/W-M_1962_J-P-H-S.jpg 516w, https:\/\/schreib-hilfe.de\/wp-content\/uploads\/2023\/08\/W-M_1962_J-P-H-S-191x300.jpg 191w\" sizes=\"(max-width: 516px) 100vw, 516px\" \/><figcaption class=\"wp-element-caption\">Karlsruhe 1962<\/figcaption><\/figure><\/div>\n\n<div class=\"wp-block-image\">\n<figure class=\"aligncenter size-full\"><img decoding=\"async\" width=\"550\" height=\"739\" src=\"https:\/\/schreib-hilfe.de\/wp-content\/uploads\/2023\/08\/werner_mazur_1973_FS.jpg\" alt=\"\" class=\"wp-image-122\" srcset=\"https:\/\/schreib-hilfe.de\/wp-content\/uploads\/2023\/08\/werner_mazur_1973_FS.jpg 550w, https:\/\/schreib-hilfe.de\/wp-content\/uploads\/2023\/08\/werner_mazur_1973_FS-223x300.jpg 223w\" sizes=\"(max-width: 550px) 100vw, 550px\" \/><figcaption class=\"wp-element-caption\">Karlsruhe 1973<\/figcaption><\/figure><\/div>","protected":false},"excerpt":{"rendered":"<p>Werner Weimar-Mazur, geboren 1955 in Weimar, aufgewachsen in Karlsruhe, Studium der Geologie,hat bis zum Jahresende 2021 als beratender Ingenieurgeologe\/Geotechniker gearbeitet,lebt seit 1992 im Raum Freiburg im Breisgau, seit 2000 in Waldkirchmit Unterbrechung 2008-2010 in L\u00f6rrach,1979+1980 mehrmonatige Studienaufenthalte in Gro\u00dfkirchheim, K\u00e4rnten \/ \u00d6sterreich,lebte und arbeitete 1989-1992 in Bern \/ Schweiz,arbeitete 2007-2010 in Reinach BL \/ Schweiz,schreibt [&hellip;]<\/p>\n","protected":false},"author":1,"featured_media":115,"parent":0,"menu_order":0,"comment_status":"closed","ping_status":"closed","template":"","meta":{"footnotes":""},"_links":{"self":[{"href":"https:\/\/schreib-hilfe.de\/index.php?rest_route=\/wp\/v2\/pages\/70"}],"collection":[{"href":"https:\/\/schreib-hilfe.de\/index.php?rest_route=\/wp\/v2\/pages"}],"about":[{"href":"https:\/\/schreib-hilfe.de\/index.php?rest_route=\/wp\/v2\/types\/page"}],"author":[{"embeddable":true,"href":"https:\/\/schreib-hilfe.de\/index.php?rest_route=\/wp\/v2\/users\/1"}],"replies":[{"embeddable":true,"href":"https:\/\/schreib-hilfe.de\/index.php?rest_route=%2Fwp%2Fv2%2Fcomments&post=70"}],"version-history":[{"count":11,"href":"https:\/\/schreib-hilfe.de\/index.php?rest_route=\/wp\/v2\/pages\/70\/revisions"}],"predecessor-version":[{"id":125,"href":"https:\/\/schreib-hilfe.de\/index.php?rest_route=\/wp\/v2\/pages\/70\/revisions\/125"}],"wp:featuredmedia":[{"embeddable":true,"href":"https:\/\/schreib-hilfe.de\/index.php?rest_route=\/wp\/v2\/media\/115"}],"wp:attachment":[{"href":"https:\/\/schreib-hilfe.de\/index.php?rest_route=%2Fwp%2Fv2%2Fmedia&parent=70"}],"curies":[{"name":"wp","href":"https:\/\/api.w.org\/{rel}","templated":true}]}}